{"id":15,"date":"2024-08-04T14:41:16","date_gmt":"2024-08-04T14:41:16","guid":{"rendered":"https:\/\/erdincdonmez.com\/?page_id=15"},"modified":"2024-08-04T22:39:18","modified_gmt":"2024-08-04T22:39:18","slug":"referanslar","status":"publish","type":"page","link":"https:\/\/erdincdonmez.com\/","title":{"rendered":"Referanslar"},"content":{"rendered":"\n<p class=\"has-medium-font-size\">\u00c7al\u0131\u015fmalar\u0131m\u0131zdan baz\u0131lar\u0131..<\/p>\n\n\n\n<figure class=\"wp-block-gallery has-nested-images columns-default is-cropped wp-block-gallery-1 is-layout-flex wp-block-gallery-is-layout-flex\">\n<figure class=\"wp-block-image size-large\"><a href=\"https:\/\/alphaaesthetics.de\/\"><img loading=\"lazy\" decoding=\"async\" width=\"1024\" height=\"576\" data-id=\"23\" src=\"https:\/\/erdincdonmez.com\/wp-content\/uploads\/2024\/08\/alphaaesthetics-de-1024x576.png\" alt=\"\" class=\"wp-image-23\" srcset=\"https:\/\/erdincdonmez.com\/wp-content\/uploads\/2024\/08\/alphaaesthetics-de-1024x576.png 1024w, https:\/\/erdincdonmez.com\/wp-content\/uploads\/2024\/08\/alphaaesthetics-de-300x169.png 300w, https:\/\/erdincdonmez.com\/wp-content\/uploads\/2024\/08\/alphaaesthetics-de-768x432.png 768w, https:\/\/erdincdonmez.com\/wp-content\/uploads\/2024\/08\/alphaaesthetics-de.png 1366w\" sizes=\"auto, (max-width: 1024px) 100vw, 1024px\" \/><\/a><figcaption class=\"wp-element-caption\"><a href=\"http:\/\/alphaaesthetics.de\">alphaaesthetics.de<\/a><\/figcaption><\/figure>\n\n\n\n<figure class=\"wp-block-image size-large\"><a href=\"https:\/\/biglog.co\/\"><img loading=\"lazy\" decoding=\"async\" width=\"1024\" height=\"576\" data-id=\"24\" src=\"https:\/\/erdincdonmez.com\/wp-content\/uploads\/2024\/08\/biglog-co-1024x576.png\" alt=\"\" class=\"wp-image-24\" srcset=\"https:\/\/erdincdonmez.com\/wp-content\/uploads\/2024\/08\/biglog-co-1024x576.png 1024w, https:\/\/erdincdonmez.com\/wp-content\/uploads\/2024\/08\/biglog-co-300x169.png 300w, https:\/\/erdincdonmez.com\/wp-content\/uploads\/2024\/08\/biglog-co-768x432.png 768w, https:\/\/erdincdonmez.com\/wp-content\/uploads\/2024\/08\/biglog-co.png 1366w\" sizes=\"auto, (max-width: 1024px) 100vw, 1024px\" \/><\/a><figcaption class=\"wp-element-caption\">biglog.co<\/figcaption><\/figure>\n\n\n\n<figure class=\"wp-block-image size-large is-style-default\"><a href=\"https:\/\/chinavize.com\/\"><img loading=\"lazy\" decoding=\"async\" width=\"1024\" height=\"576\" data-id=\"26\" src=\"https:\/\/erdincdonmez.com\/wp-content\/uploads\/2024\/08\/chinavize-com-1024x576.png\" alt=\"\" class=\"wp-image-26\" srcset=\"https:\/\/erdincdonmez.com\/wp-content\/uploads\/2024\/08\/chinavize-com-1024x576.png 1024w, https:\/\/erdincdonmez.com\/wp-content\/uploads\/2024\/08\/chinavize-com-300x169.png 300w, https:\/\/erdincdonmez.com\/wp-content\/uploads\/2024\/08\/chinavize-com-768x432.png 768w, https:\/\/erdincdonmez.com\/wp-content\/uploads\/2024\/08\/chinavize-com.png 1366w\" sizes=\"auto, (max-width: 1024px) 100vw, 1024px\" \/><\/a><figcaption class=\"wp-element-caption\">chinavize.com<\/figcaption><\/figure>\n\n\n\n<figure class=\"wp-block-image size-large\"><a href=\"https:\/\/www.evrenselkolej.k12.tr\/\"><img loading=\"lazy\" decoding=\"async\" width=\"1024\" height=\"576\" data-id=\"27\" src=\"https:\/\/erdincdonmez.com\/wp-content\/uploads\/2024\/08\/evrenselkolej-k12-tr-1024x576.png\" alt=\"\" class=\"wp-image-27\" srcset=\"https:\/\/erdincdonmez.com\/wp-content\/uploads\/2024\/08\/evrenselkolej-k12-tr-1024x576.png 1024w, https:\/\/erdincdonmez.com\/wp-content\/uploads\/2024\/08\/evrenselkolej-k12-tr-300x169.png 300w, https:\/\/erdincdonmez.com\/wp-content\/uploads\/2024\/08\/evrenselkolej-k12-tr-768x432.png 768w, https:\/\/erdincdonmez.com\/wp-content\/uploads\/2024\/08\/evrenselkolej-k12-tr.png 1366w\" sizes=\"auto, (max-width: 1024px) 100vw, 1024px\" \/><\/a><figcaption class=\"wp-element-caption\">evrenselkolej.k12.tr<\/figcaption><\/figure>\n\n\n\n<figure class=\"wp-block-image size-large\"><a href=\"https:\/\/batikentyukseliskoleji.k12.tr\/\"><img loading=\"lazy\" decoding=\"async\" width=\"1024\" height=\"576\" data-id=\"28\" src=\"https:\/\/erdincdonmez.com\/wp-content\/uploads\/2024\/08\/httpsbatikentyukseliskoleji-k12-tr-1024x576.png\" alt=\"\" class=\"wp-image-28\" srcset=\"https:\/\/erdincdonmez.com\/wp-content\/uploads\/2024\/08\/httpsbatikentyukseliskoleji-k12-tr-1024x576.png 1024w, https:\/\/erdincdonmez.com\/wp-content\/uploads\/2024\/08\/httpsbatikentyukseliskoleji-k12-tr-300x169.png 300w, https:\/\/erdincdonmez.com\/wp-content\/uploads\/2024\/08\/httpsbatikentyukseliskoleji-k12-tr-768x432.png 768w, https:\/\/erdincdonmez.com\/wp-content\/uploads\/2024\/08\/httpsbatikentyukseliskoleji-k12-tr.png 1366w\" sizes=\"auto, (max-width: 1024px) 100vw, 1024px\" \/><\/a><figcaption class=\"wp-element-caption\">batikentyukseliskoleji.k12.tr<\/figcaption><\/figure>\n\n\n\n<figure class=\"wp-block-image size-large\"><a href=\"https:\/\/kahvecigross.com.tr\/\"><img loading=\"lazy\" decoding=\"async\" width=\"1024\" height=\"576\" data-id=\"29\" src=\"https:\/\/erdincdonmez.com\/wp-content\/uploads\/2024\/08\/kahvecigross-com-tr-1024x576.png\" alt=\"\" class=\"wp-image-29\" srcset=\"https:\/\/erdincdonmez.com\/wp-content\/uploads\/2024\/08\/kahvecigross-com-tr-1024x576.png 1024w, https:\/\/erdincdonmez.com\/wp-content\/uploads\/2024\/08\/kahvecigross-com-tr-300x169.png 300w, https:\/\/erdincdonmez.com\/wp-content\/uploads\/2024\/08\/kahvecigross-com-tr-768x432.png 768w, https:\/\/erdincdonmez.com\/wp-content\/uploads\/2024\/08\/kahvecigross-com-tr.png 1366w\" sizes=\"auto, (max-width: 1024px) 100vw, 1024px\" \/><\/a><figcaption class=\"wp-element-caption\">kahvecigross.com.tr<\/figcaption><\/figure>\n\n\n\n<figure class=\"wp-block-image size-large\"><a href=\"https:\/\/leddisplaykaufen.de\/\"><img loading=\"lazy\" decoding=\"async\" width=\"1024\" height=\"576\" data-id=\"30\" src=\"https:\/\/erdincdonmez.com\/wp-content\/uploads\/2024\/08\/leddisplaykaufen-de-1024x576.png\" alt=\"\" class=\"wp-image-30\" srcset=\"https:\/\/erdincdonmez.com\/wp-content\/uploads\/2024\/08\/leddisplaykaufen-de-1024x576.png 1024w, https:\/\/erdincdonmez.com\/wp-content\/uploads\/2024\/08\/leddisplaykaufen-de-300x169.png 300w, https:\/\/erdincdonmez.com\/wp-content\/uploads\/2024\/08\/leddisplaykaufen-de-768x432.png 768w, https:\/\/erdincdonmez.com\/wp-content\/uploads\/2024\/08\/leddisplaykaufen-de.png 1366w\" sizes=\"auto, (max-width: 1024px) 100vw, 1024px\" \/><\/a><figcaption class=\"wp-element-caption\">leddisplaykaufen.de<\/figcaption><\/figure>\n\n\n\n<figure class=\"wp-block-image size-large\"><a href=\"https:\/\/misssavon.com\/\"><img loading=\"lazy\" decoding=\"async\" width=\"1024\" height=\"576\" data-id=\"31\" src=\"https:\/\/erdincdonmez.com\/wp-content\/uploads\/2024\/08\/misssavon-com-1024x576.png\" alt=\"\" class=\"wp-image-31\" srcset=\"https:\/\/erdincdonmez.com\/wp-content\/uploads\/2024\/08\/misssavon-com-1024x576.png 1024w, https:\/\/erdincdonmez.com\/wp-content\/uploads\/2024\/08\/misssavon-com-300x169.png 300w, https:\/\/erdincdonmez.com\/wp-content\/uploads\/2024\/08\/misssavon-com-768x432.png 768w, https:\/\/erdincdonmez.com\/wp-content\/uploads\/2024\/08\/misssavon-com.png 1366w\" sizes=\"auto, (max-width: 1024px) 100vw, 1024px\" \/><\/a><figcaption class=\"wp-element-caption\">misssavon.com<\/figcaption><\/figure>\n\n\n\n<figure class=\"wp-block-image size-large is-style-default\"><a href=\"https:\/\/atirad.com.tr\/#\/\"><img loading=\"lazy\" decoding=\"async\" width=\"1024\" height=\"576\" data-id=\"32\" src=\"https:\/\/erdincdonmez.com\/wp-content\/uploads\/2024\/08\/teleradyoloji-1024x576.png\" alt=\"\" class=\"wp-image-32\" srcset=\"https:\/\/erdincdonmez.com\/wp-content\/uploads\/2024\/08\/teleradyoloji-1024x576.png 1024w, https:\/\/erdincdonmez.com\/wp-content\/uploads\/2024\/08\/teleradyoloji-300x169.png 300w, https:\/\/erdincdonmez.com\/wp-content\/uploads\/2024\/08\/teleradyoloji-768x432.png 768w, https:\/\/erdincdonmez.com\/wp-content\/uploads\/2024\/08\/teleradyoloji.png 1366w\" sizes=\"auto, (max-width: 1024px) 100vw, 1024px\" \/><\/a><figcaption class=\"wp-element-caption\">teleradyoloji<\/figcaption><\/figure>\n<\/figure>\n","protected":false},"excerpt":{"rendered":"<p>\u00c7al\u0131\u015fmalar\u0131m\u0131zdan baz\u0131lar\u0131..<\/p>\n","protected":false},"author":1,"featured_media":0,"parent":0,"menu_order":0,"comment_status":"closed","ping_status":"closed","template":"","meta":{"footnotes":""},"class_list":["post-15","page","type-page","status-publish","hentry"],"yoast_head":"<!-- This site is optimized with the Yoast SEO plugin v23.1 - https:\/\/yoast.com\/wordpress\/plugins\/seo\/ -->\r\n<title>Referanslar - erdincdonmez<\/title>\r\n<meta name=\"robots\" content=\"index, follow, max-snippet:-1, max-image-preview:large, max-video-preview:-1\" \/>\r\n<link rel=\"canonical\" href=\"https:\/\/erdincdonmez.com\/\" \/>\r\n<meta property=\"og:locale\" content=\"tr_TR\" \/>\r\n<meta property=\"og:type\" content=\"article\" \/>\r\n<meta property=\"og:title\" content=\"Referanslar - erdincdonmez\" \/>\r\n<meta property=\"og:description\" content=\"\u00c7al\u0131\u015fmalar\u0131m\u0131zdan baz\u0131lar\u0131..\" \/>\r\n<meta property=\"og:url\" content=\"https:\/\/erdincdonmez.com\/\" \/>\r\n<meta property=\"og:site_name\" content=\"erdincdonmez\" \/>\r\n<meta property=\"article:modified_time\" content=\"2024-08-04T22:39:18+00:00\" \/>\r\n<meta property=\"og:image\" content=\"https:\/\/erdincdonmez.com\/wp-content\/uploads\/2024\/08\/alphaaesthetics-de-1024x576.png\" \/>\r\n<meta name=\"twitter:card\" content=\"summary_large_image\" \/>\r\n<meta name=\"twitter:label1\" content=\"Tahmini okuma s\u00fcresi\" \/>\n\t<meta name=\"twitter:data1\" content=\"2 dakika\" \/>\r\n<script type=\"application\/ld+json\" class=\"yoast-schema-graph\">{\"@context\":\"https:\/\/schema.org\",\"@graph\":[{\"@type\":\"WebPage\",\"@id\":\"https:\/\/erdincdonmez.com\/\",\"url\":\"https:\/\/erdincdonmez.com\/\",\"name\":\"Referanslar - erdincdonmez\",\"isPartOf\":{\"@id\":\"https:\/\/erdincdonmez.com\/#website\"},\"primaryImageOfPage\":{\"@id\":\"https:\/\/erdincdonmez.com\/#primaryimage\"},\"image\":{\"@id\":\"https:\/\/erdincdonmez.com\/#primaryimage\"},\"thumbnailUrl\":\"https:\/\/erdincdonmez.com\/wp-content\/uploads\/2024\/08\/alphaaesthetics-de-1024x576.png\",\"datePublished\":\"2024-08-04T14:41:16+00:00\",\"dateModified\":\"2024-08-04T22:39:18+00:00\",\"breadcrumb\":{\"@id\":\"https:\/\/erdincdonmez.com\/#breadcrumb\"},\"inLanguage\":\"tr\",\"potentialAction\":[{\"@type\":\"ReadAction\",\"target\":[\"https:\/\/erdincdonmez.com\/\"]}]},{\"@type\":\"ImageObject\",\"inLanguage\":\"tr\",\"@id\":\"https:\/\/erdincdonmez.com\/#primaryimage\",\"url\":\"https:\/\/erdincdonmez.com\/wp-content\/uploads\/2024\/08\/alphaaesthetics-de.png\",\"contentUrl\":\"https:\/\/erdincdonmez.com\/wp-content\/uploads\/2024\/08\/alphaaesthetics-de.png\",\"width\":1366,\"height\":768},{\"@type\":\"BreadcrumbList\",\"@id\":\"https:\/\/erdincdonmez.com\/#breadcrumb\",\"itemListElement\":[{\"@type\":\"ListItem\",\"position\":1,\"name\":\"Home\",\"item\":\"https:\/\/erdincdonmez.com\/\"},{\"@type\":\"ListItem\",\"position\":2,\"name\":\"Referanslar\"}]},{\"@type\":\"WebSite\",\"@id\":\"https:\/\/erdincdonmez.com\/#website\",\"url\":\"https:\/\/erdincdonmez.com\/\",\"name\":\"erdincdonmez\",\"description\":\"erdincdonmez web tasar\u0131m\",\"publisher\":{\"@id\":\"https:\/\/erdincdonmez.com\/#organization\"},\"potentialAction\":[{\"@type\":\"SearchAction\",\"target\":{\"@type\":\"EntryPoint\",\"urlTemplate\":\"https:\/\/erdincdonmez.com\/?s={search_term_string}\"},\"query-input\":\"required name=search_term_string\"}],\"inLanguage\":\"tr\"},{\"@type\":\"Organization\",\"@id\":\"https:\/\/erdincdonmez.com\/#organization\",\"name\":\"erdincdonmez\",\"url\":\"https:\/\/erdincdonmez.com\/\",\"logo\":{\"@type\":\"ImageObject\",\"inLanguage\":\"tr\",\"@id\":\"https:\/\/erdincdonmez.com\/#\/schema\/logo\/image\/\",\"url\":\"https:\/\/erdincdonmez.com\/wp-content\/uploads\/2024\/08\/cropped-cropped-erdincdonmezcom.png\",\"contentUrl\":\"https:\/\/erdincdonmez.com\/wp-content\/uploads\/2024\/08\/cropped-cropped-erdincdonmezcom.png\",\"width\":435,\"height\":50,\"caption\":\"erdincdonmez\"},\"image\":{\"@id\":\"https:\/\/erdincdonmez.com\/#\/schema\/logo\/image\/\"}}]}<\/script>\r\n<!-- \/ Yoast SEO plugin. -->","yoast_head_json":{"title":"Referanslar - erdincdonmez","robots":{"index":"index","follow":"follow","max-snippet":"max-snippet:-1","max-image-preview":"max-image-preview:large","max-video-preview":"max-video-preview:-1"},"canonical":"https:\/\/erdincdonmez.com\/","og_locale":"tr_TR","og_type":"article","og_title":"Referanslar - erdincdonmez","og_description":"\u00c7al\u0131\u015fmalar\u0131m\u0131zdan baz\u0131lar\u0131..","og_url":"https:\/\/erdincdonmez.com\/","og_site_name":"erdincdonmez","article_modified_time":"2024-08-04T22:39:18+00:00","og_image":[{"url":"https:\/\/erdincdonmez.com\/wp-content\/uploads\/2024\/08\/alphaaesthetics-de-1024x576.png"}],"twitter_card":"summary_large_image","twitter_misc":{"Tahmini okuma s\u00fcresi":"2 dakika"},"schema":{"@context":"https:\/\/schema.org","@graph":[{"@type":"WebPage","@id":"https:\/\/erdincdonmez.com\/","url":"https:\/\/erdincdonmez.com\/","name":"Referanslar - erdincdonmez","isPartOf":{"@id":"https:\/\/erdincdonmez.com\/#website"},"primaryImageOfPage":{"@id":"https:\/\/erdincdonmez.com\/#primaryimage"},"image":{"@id":"https:\/\/erdincdonmez.com\/#primaryimage"},"thumbnailUrl":"https:\/\/erdincdonmez.com\/wp-content\/uploads\/2024\/08\/alphaaesthetics-de-1024x576.png","datePublished":"2024-08-04T14:41:16+00:00","dateModified":"2024-08-04T22:39:18+00:00","breadcrumb":{"@id":"https:\/\/erdincdonmez.com\/#breadcrumb"},"inLanguage":"tr","potentialAction":[{"@type":"ReadAction","target":["https:\/\/erdincdonmez.com\/"]}]},{"@type":"ImageObject","inLanguage":"tr","@id":"https:\/\/erdincdonmez.com\/#primaryimage","url":"https:\/\/erdincdonmez.com\/wp-content\/uploads\/2024\/08\/alphaaesthetics-de.png","contentUrl":"https:\/\/erdincdonmez.com\/wp-content\/uploads\/2024\/08\/alphaaesthetics-de.png","width":1366,"height":768},{"@type":"BreadcrumbList","@id":"https:\/\/erdincdonmez.com\/#breadcrumb","itemListElement":[{"@type":"ListItem","position":1,"name":"Home","item":"https:\/\/erdincdonmez.com\/"},{"@type":"ListItem","position":2,"name":"Referanslar"}]},{"@type":"WebSite","@id":"https:\/\/erdincdonmez.com\/#website","url":"https:\/\/erdincdonmez.com\/","name":"erdincdonmez","description":"erdincdonmez web tasar\u0131m","publisher":{"@id":"https:\/\/erdincdonmez.com\/#organization"},"potentialAction":[{"@type":"SearchAction","target":{"@type":"EntryPoint","urlTemplate":"https:\/\/erdincdonmez.com\/?s={search_term_string}"},"query-input":"required name=search_term_string"}],"inLanguage":"tr"},{"@type":"Organization","@id":"https:\/\/erdincdonmez.com\/#organization","name":"erdincdonmez","url":"https:\/\/erdincdonmez.com\/","logo":{"@type":"ImageObject","inLanguage":"tr","@id":"https:\/\/erdincdonmez.com\/#\/schema\/logo\/image\/","url":"https:\/\/erdincdonmez.com\/wp-content\/uploads\/2024\/08\/cropped-cropped-erdincdonmezcom.png","contentUrl":"https:\/\/erdincdonmez.com\/wp-content\/uploads\/2024\/08\/cropped-cropped-erdincdonmezcom.png","width":435,"height":50,"caption":"erdincdonmez"},"image":{"@id":"https:\/\/erdincdonmez.com\/#\/schema\/logo\/image\/"}}]}},"jetpack_sharing_enabled":true,"_links":{"self":[{"href":"https:\/\/erdincdonmez.com\/index.php\/wp-json\/wp\/v2\/pages\/15","targetHints":{"allow":["GET"]}}],"collection":[{"href":"https:\/\/erdincdonmez.com\/index.php\/wp-json\/wp\/v2\/pages"}],"about":[{"href":"https:\/\/erdincdonmez.com\/index.php\/wp-json\/wp\/v2\/types\/page"}],"author":[{"embeddable":true,"href":"https:\/\/erdincdonmez.com\/index.php\/wp-json\/wp\/v2\/users\/1"}],"replies":[{"embeddable":true,"href":"https:\/\/erdincdonmez.com\/index.php\/wp-json\/wp\/v2\/comments?post=15"}],"version-history":[{"count":8,"href":"https:\/\/erdincdonmez.com\/index.php\/wp-json\/wp\/v2\/pages\/15\/revisions"}],"predecessor-version":[{"id":130,"href":"https:\/\/erdincdonmez.com\/index.php\/wp-json\/wp\/v2\/pages\/15\/revisions\/130"}],"wp:attachment":[{"href":"https:\/\/erdincdonmez.com\/index.php\/wp-json\/wp\/v2\/media?parent=15"}],"curies":[{"name":"wp","href":"https:\/\/api.w.org\/{rel}","templated":true}]}}