{"id":19,"date":"2024-08-04T14:57:45","date_gmt":"2024-08-04T14:57:45","guid":{"rendered":"https:\/\/erdincdonmez.com\/?page_id=19"},"modified":"2024-08-04T22:28:51","modified_gmt":"2024-08-04T22:28:51","slug":"temalar","status":"publish","type":"page","link":"https:\/\/erdincdonmez.com\/index.php\/temalar\/","title":{"rendered":"Temalar"},"content":{"rendered":"\n<p class=\"has-medium-font-size\">\u00d6rnek web sitesi kal\u0131plar\u0131n\u0131 g\u00f6rmek i\u00e7in <a href=\"https:\/\/tr.wordpress.org\/themes\/\">t\u0131klay\u0131n<\/a>.<\/p>\n\n\n\n<figure class=\"wp-block-image size-large\"><a href=\"https:\/\/tr.wordpress.org\/themes\/\"><img loading=\"lazy\" decoding=\"async\" width=\"1024\" height=\"576\" src=\"https:\/\/erdincdonmez.com\/wp-content\/uploads\/2024\/08\/temalar-1-1024x576.png\" alt=\"\" class=\"wp-image-20\" srcset=\"https:\/\/erdincdonmez.com\/wp-content\/uploads\/2024\/08\/temalar-1-1024x576.png 1024w, https:\/\/erdincdonmez.com\/wp-content\/uploads\/2024\/08\/temalar-1-300x169.png 300w, https:\/\/erdincdonmez.com\/wp-content\/uploads\/2024\/08\/temalar-1-768x432.png 768w, https:\/\/erdincdonmez.com\/wp-content\/uploads\/2024\/08\/temalar-1.png 1366w\" sizes=\"auto, (max-width: 1024px) 100vw, 1024px\" \/><\/a><\/figure>\n","protected":false},"excerpt":{"rendered":"<p>\u00d6rnek web sitesi kal\u0131plar\u0131n\u0131 g\u00f6rmek i\u00e7in t\u0131klay\u0131n.<\/p>\n","protected":false},"author":1,"featured_media":0,"parent":0,"menu_order":0,"comment_status":"closed","ping_status":"closed","template":"","meta":{"footnotes":""},"class_list":["post-19","page","type-page","status-publish","hentry"],"yoast_head":"<!-- This site is optimized with the Yoast SEO plugin v23.1 - https:\/\/yoast.com\/wordpress\/plugins\/seo\/ -->\r\n<title>Temalar - erdincdonmez<\/title>\r\n<meta name=\"robots\" content=\"index, follow, max-snippet:-1, max-image-preview:large, max-video-preview:-1\" \/>\r\n<link rel=\"canonical\" href=\"https:\/\/erdincdonmez.com\/index.php\/temalar\/\" \/>\r\n<meta property=\"og:locale\" content=\"tr_TR\" \/>\r\n<meta property=\"og:type\" content=\"article\" \/>\r\n<meta property=\"og:title\" content=\"Temalar - erdincdonmez\" \/>\r\n<meta property=\"og:description\" content=\"\u00d6rnek web sitesi kal\u0131plar\u0131n\u0131 g\u00f6rmek i\u00e7in t\u0131klay\u0131n.\" \/>\r\n<meta property=\"og:url\" content=\"https:\/\/erdincdonmez.com\/index.php\/temalar\/\" \/>\r\n<meta property=\"og:site_name\" content=\"erdincdonmez\" \/>\r\n<meta property=\"article:modified_time\" content=\"2024-08-04T22:28:51+00:00\" \/>\r\n<meta property=\"og:image\" content=\"https:\/\/erdincdonmez.com\/wp-content\/uploads\/2024\/08\/temalar-1-1024x576.png\" \/>\r\n<meta name=\"twitter:card\" content=\"summary_large_image\" \/>\r\n<meta name=\"twitter:label1\" content=\"Tahmini okuma s\u00fcresi\" \/>\n\t<meta name=\"twitter:data1\" content=\"1 dakika\" \/>\r\n<script type=\"application\/ld+json\" class=\"yoast-schema-graph\">{\"@context\":\"https:\/\/schema.org\",\"@graph\":[{\"@type\":\"WebPage\",\"@id\":\"https:\/\/erdincdonmez.com\/index.php\/temalar\/\",\"url\":\"https:\/\/erdincdonmez.com\/index.php\/temalar\/\",\"name\":\"Temalar - erdincdonmez\",\"isPartOf\":{\"@id\":\"https:\/\/erdincdonmez.com\/#website\"},\"primaryImageOfPage\":{\"@id\":\"https:\/\/erdincdonmez.com\/index.php\/temalar\/#primaryimage\"},\"image\":{\"@id\":\"https:\/\/erdincdonmez.com\/index.php\/temalar\/#primaryimage\"},\"thumbnailUrl\":\"https:\/\/erdincdonmez.com\/wp-content\/uploads\/2024\/08\/temalar-1-1024x576.png\",\"datePublished\":\"2024-08-04T14:57:45+00:00\",\"dateModified\":\"2024-08-04T22:28:51+00:00\",\"breadcrumb\":{\"@id\":\"https:\/\/erdincdonmez.com\/index.php\/temalar\/#breadcrumb\"},\"inLanguage\":\"tr\",\"potentialAction\":[{\"@type\":\"ReadAction\",\"target\":[\"https:\/\/erdincdonmez.com\/index.php\/temalar\/\"]}]},{\"@type\":\"ImageObject\",\"inLanguage\":\"tr\",\"@id\":\"https:\/\/erdincdonmez.com\/index.php\/temalar\/#primaryimage\",\"url\":\"https:\/\/erdincdonmez.com\/wp-content\/uploads\/2024\/08\/temalar-1.png\",\"contentUrl\":\"https:\/\/erdincdonmez.com\/wp-content\/uploads\/2024\/08\/temalar-1.png\",\"width\":1366,\"height\":768},{\"@type\":\"BreadcrumbList\",\"@id\":\"https:\/\/erdincdonmez.com\/index.php\/temalar\/#breadcrumb\",\"itemListElement\":[{\"@type\":\"ListItem\",\"position\":1,\"name\":\"Home\",\"item\":\"https:\/\/erdincdonmez.com\/\"},{\"@type\":\"ListItem\",\"position\":2,\"name\":\"Temalar\"}]},{\"@type\":\"WebSite\",\"@id\":\"https:\/\/erdincdonmez.com\/#website\",\"url\":\"https:\/\/erdincdonmez.com\/\",\"name\":\"erdincdonmez\",\"description\":\"erdincdonmez web tasar\u0131m\",\"publisher\":{\"@id\":\"https:\/\/erdincdonmez.com\/#organization\"},\"potentialAction\":[{\"@type\":\"SearchAction\",\"target\":{\"@type\":\"EntryPoint\",\"urlTemplate\":\"https:\/\/erdincdonmez.com\/?s={search_term_string}\"},\"query-input\":\"required name=search_term_string\"}],\"inLanguage\":\"tr\"},{\"@type\":\"Organization\",\"@id\":\"https:\/\/erdincdonmez.com\/#organization\",\"name\":\"erdincdonmez\",\"url\":\"https:\/\/erdincdonmez.com\/\",\"logo\":{\"@type\":\"ImageObject\",\"inLanguage\":\"tr\",\"@id\":\"https:\/\/erdincdonmez.com\/#\/schema\/logo\/image\/\",\"url\":\"https:\/\/erdincdonmez.com\/wp-content\/uploads\/2024\/08\/cropped-cropped-erdincdonmezcom.png\",\"contentUrl\":\"https:\/\/erdincdonmez.com\/wp-content\/uploads\/2024\/08\/cropped-cropped-erdincdonmezcom.png\",\"width\":435,\"height\":50,\"caption\":\"erdincdonmez\"},\"image\":{\"@id\":\"https:\/\/erdincdonmez.com\/#\/schema\/logo\/image\/\"}}]}<\/script>\r\n<!-- \/ Yoast SEO plugin. -->","yoast_head_json":{"title":"Temalar - erdincdonmez","robots":{"index":"index","follow":"follow","max-snippet":"max-snippet:-1","max-image-preview":"max-image-preview:large","max-video-preview":"max-video-preview:-1"},"canonical":"https:\/\/erdincdonmez.com\/index.php\/temalar\/","og_locale":"tr_TR","og_type":"article","og_title":"Temalar - erdincdonmez","og_description":"\u00d6rnek web sitesi kal\u0131plar\u0131n\u0131 g\u00f6rmek i\u00e7in t\u0131klay\u0131n.","og_url":"https:\/\/erdincdonmez.com\/index.php\/temalar\/","og_site_name":"erdincdonmez","article_modified_time":"2024-08-04T22:28:51+00:00","og_image":[{"url":"https:\/\/erdincdonmez.com\/wp-content\/uploads\/2024\/08\/temalar-1-1024x576.png"}],"twitter_card":"summary_large_image","twitter_misc":{"Tahmini okuma s\u00fcresi":"1 dakika"},"schema":{"@context":"https:\/\/schema.org","@graph":[{"@type":"WebPage","@id":"https:\/\/erdincdonmez.com\/index.php\/temalar\/","url":"https:\/\/erdincdonmez.com\/index.php\/temalar\/","name":"Temalar - erdincdonmez","isPartOf":{"@id":"https:\/\/erdincdonmez.com\/#website"},"primaryImageOfPage":{"@id":"https:\/\/erdincdonmez.com\/index.php\/temalar\/#primaryimage"},"image":{"@id":"https:\/\/erdincdonmez.com\/index.php\/temalar\/#primaryimage"},"thumbnailUrl":"https:\/\/erdincdonmez.com\/wp-content\/uploads\/2024\/08\/temalar-1-1024x576.png","datePublished":"2024-08-04T14:57:45+00:00","dateModified":"2024-08-04T22:28:51+00:00","breadcrumb":{"@id":"https:\/\/erdincdonmez.com\/index.php\/temalar\/#breadcrumb"},"inLanguage":"tr","potentialAction":[{"@type":"ReadAction","target":["https:\/\/erdincdonmez.com\/index.php\/temalar\/"]}]},{"@type":"ImageObject","inLanguage":"tr","@id":"https:\/\/erdincdonmez.com\/index.php\/temalar\/#primaryimage","url":"https:\/\/erdincdonmez.com\/wp-content\/uploads\/2024\/08\/temalar-1.png","contentUrl":"https:\/\/erdincdonmez.com\/wp-content\/uploads\/2024\/08\/temalar-1.png","width":1366,"height":768},{"@type":"BreadcrumbList","@id":"https:\/\/erdincdonmez.com\/index.php\/temalar\/#breadcrumb","itemListElement":[{"@type":"ListItem","position":1,"name":"Home","item":"https:\/\/erdincdonmez.com\/"},{"@type":"ListItem","position":2,"name":"Temalar"}]},{"@type":"WebSite","@id":"https:\/\/erdincdonmez.com\/#website","url":"https:\/\/erdincdonmez.com\/","name":"erdincdonmez","description":"erdincdonmez web tasar\u0131m","publisher":{"@id":"https:\/\/erdincdonmez.com\/#organization"},"potentialAction":[{"@type":"SearchAction","target":{"@type":"EntryPoint","urlTemplate":"https:\/\/erdincdonmez.com\/?s={search_term_string}"},"query-input":"required name=search_term_string"}],"inLanguage":"tr"},{"@type":"Organization","@id":"https:\/\/erdincdonmez.com\/#organization","name":"erdincdonmez","url":"https:\/\/erdincdonmez.com\/","logo":{"@type":"ImageObject","inLanguage":"tr","@id":"https:\/\/erdincdonmez.com\/#\/schema\/logo\/image\/","url":"https:\/\/erdincdonmez.com\/wp-content\/uploads\/2024\/08\/cropped-cropped-erdincdonmezcom.png","contentUrl":"https:\/\/erdincdonmez.com\/wp-content\/uploads\/2024\/08\/cropped-cropped-erdincdonmezcom.png","width":435,"height":50,"caption":"erdincdonmez"},"image":{"@id":"https:\/\/erdincdonmez.com\/#\/schema\/logo\/image\/"}}]}},"jetpack_sharing_enabled":true,"_links":{"self":[{"href":"https:\/\/erdincdonmez.com\/index.php\/wp-json\/wp\/v2\/pages\/19","targetHints":{"allow":["GET"]}}],"collection":[{"href":"https:\/\/erdincdonmez.com\/index.php\/wp-json\/wp\/v2\/pages"}],"about":[{"href":"https:\/\/erdincdonmez.com\/index.php\/wp-json\/wp\/v2\/types\/page"}],"author":[{"embeddable":true,"href":"https:\/\/erdincdonmez.com\/index.php\/wp-json\/wp\/v2\/users\/1"}],"replies":[{"embeddable":true,"href":"https:\/\/erdincdonmez.com\/index.php\/wp-json\/wp\/v2\/comments?post=19"}],"version-history":[{"count":2,"href":"https:\/\/erdincdonmez.com\/index.php\/wp-json\/wp\/v2\/pages\/19\/revisions"}],"predecessor-version":[{"id":119,"href":"https:\/\/erdincdonmez.com\/index.php\/wp-json\/wp\/v2\/pages\/19\/revisions\/119"}],"wp:attachment":[{"href":"https:\/\/erdincdonmez.com\/index.php\/wp-json\/wp\/v2\/media?parent=19"}],"curies":[{"name":"wp","href":"https:\/\/api.w.org\/{rel}","templated":true}]}}