{"id":2,"date":"2024-08-04T13:10:06","date_gmt":"2024-08-04T13:10:06","guid":{"rendered":"https:\/\/erdincdonmez.com\/?page_id=2"},"modified":"2024-08-04T22:36:33","modified_gmt":"2024-08-04T22:36:33","slug":"sample-page","status":"publish","type":"page","link":"https:\/\/erdincdonmez.com\/index.php\/sample-page\/","title":{"rendered":"Web site yapt\u0131rma hakk\u0131nda"},"content":{"rendered":"\n<p class=\"has-medium-font-size\"><strong>Web sitesine neden ihtiya\u00e7 duyar\u0131z?<\/strong><\/p>\n\n\n\n<blockquote class=\"wp-block-quote is-layout-flow wp-block-quote-is-layout-flow\">\n<p>Nas\u0131l ki ger\u00e7ek d\u00fcnyada i\u015f yaparken bir adres ve mekan\u0131m\u0131z var, internet ortam\u0131nda bir mekan ve adres edinme web siteleri sayesinde olur.<\/p>\n<\/blockquote>\n\n\n\n<p class=\"has-medium-font-size\"><strong>Web sitesi olmadan instagram&#8217;dan vb sosyal medya ortamlar\u0131nda \u00fcr\u00fcn ve hizmetlerimizi sergileyemez miyiz?<\/strong><\/p>\n\n\n\n<blockquote class=\"wp-block-quote is-layout-flow wp-block-quote-is-layout-flow\">\n<p>\u0130nstagram, facebook gibi ortamlar bir firman\u0131n alanlar\u0131d\u0131r. Onlar\u0131n politikas\u0131 de\u011fi\u015firse sizi direk etkiler. Devlet baz\u0131 durumlarda bu mecralara s\u0131n\u0131rland\u0131rma getirdi\u011finde orada yap\u0131lan i\u015fler de direk etkilenir.<\/p>\n<\/blockquote>\n\n\n\n<p class=\"has-medium-font-size\"><strong>Trendyol, hepsiburada veya n11 gibi yerlerden ticaretimizi yaparken web sitesine ihtiya\u00e7 duyulur mu?<\/strong><\/p>\n\n\n\n<blockquote class=\"wp-block-quote is-layout-flow wp-block-quote-is-layout-flow\">\n<p>Evet bu \u015fekildeki arac\u0131 firmalar \u00e7ok ki\u015finin u\u011frad\u0131\u011f\u0131 sanal AVMler gibidir. Nas\u0131l ki me\u015fhur markalar AVMlerde vard\u0131r fakat t\u00fcm mevcudiyetleri burada de\u011fildir. As\u0131l kendi mekan ve adresleri vard\u0131r. Web siteleri internet ortam\u0131nda bir i\u015fletmenin sanal varl\u0131\u011f\u0131, mekan\u0131 ve adresidir.<\/p>\n<\/blockquote>\n\n\n\n<p class=\"has-medium-font-size\"><strong>Web sayfas\u0131 yapmak i\u00e7in ne yapmal\u0131y\u0131m?<\/strong><\/p>\n\n\n\n<ul class=\"wp-block-list\">\n<li>\u00d6nce haz\u0131r kal\u0131ptan m\u0131 \u00f6zel tasar\u0131m m\u0131 yapt\u0131raca\u011f\u0131n\u0131za karar verin. \u00d6zel tasar\u0131m istedi\u011finizde bunun maliyete yans\u0131yaca\u011f\u0131 ve tasar\u0131mc\u0131n\u0131n kabiliyetine ba\u011f\u0131ml\u0131 oldu\u011funuz akl\u0131n\u0131zda olsun.<\/li>\n\n\n\n<li>Sitenizde nelerin olmas\u0131n\u0131 istedi\u011finize karar verin. Bunlar\u0131 yaz\u0131l\u0131 olarak site yap\u0131mc\u0131s\u0131na iletin.<\/li>\n\n\n\n<li>Siteniz i\u00e7in gerekli olacak, logo, resim, yaz\u0131 gibi malzemeleri toplay\u0131n.<\/li>\n\n\n\n<li>Siteniz i\u00e7in domaim ve hosting al\u0131n.<\/li>\n\n\n\n<li>Haz\u0131r tasar\u0131mlar kullanacaksan\u0131z teman\u0131z\u0131 (tasar\u0131m kal\u0131b\u0131) se\u00e7in. \u00d6zel tasar\u0131m ise kabaca site sayfalar\u0131n\u0131n \u00e7izimlerini tasar\u0131mc\u0131ya vererek bir \u00f6n \u00e7al\u0131\u015fma talep edin.<\/li>\n\n\n\n<li>Sitenin nas\u0131l olaca\u011f\u0131na, \u00fccretine ve tamamlanma s\u00fcresine karar verin.<\/li>\n\n\n\n<li>Anla\u015ft\u0131\u011f\u0131n\u0131z \u00fccretin neleri kapsay\u0131p, neleri kapsamad\u0131\u011f\u0131n\u0131 \u00f6\u011frenin.<\/li>\n\n\n\n<li>Sitenin tamamlanma s\u00fcresini ve yap\u0131m sonras\u0131 nelere ne kadar destek verilece\u011fi \u00fczerinde anla\u015f\u0131n.<\/li>\n<\/ul>\n\n\n\n<p class=\"has-medium-font-size\"><strong>Domain ve hosting nedir?<\/strong><\/p>\n\n\n\n<blockquote class=\"wp-block-quote is-layout-flow wp-block-quote-is-layout-flow\">\n<p>Domain sitenizin erdincdonmez.com gibi olan adresidir. Hosting ise web sitesi dosyalar\u0131n\u0131z\u0131n depoland\u0131\u011f\u0131 yerdir. Bunlar genelde y\u0131ll\u0131k olarak \u00fccretlendirilir. Y\u0131l sonunda \u00fccreti \u00f6denmez ise, belli bir s\u00fcre cezal\u0131 \u00f6deme s\u00fcresi tan\u0131n\u0131r, bu s\u00fcrenin sonunda da \u00f6deme olmazsa otomatik olarak kapan\u0131r. Daha sonras\u0131nda ba\u015fkalar\u0131n\u0131n al\u0131m\u0131 i\u00e7in a\u00e7\u0131k hale gelir.<\/p>\n<\/blockquote>\n\n\n\n<p><\/p>\n\n\n\n<p><\/p>\n","protected":false},"excerpt":{"rendered":"<p>Web sitesine neden ihtiya\u00e7 duyar\u0131z? Nas\u0131l ki ger\u00e7ek d\u00fcnyada i\u015f yaparken bir adres ve mekan\u0131m\u0131z var, internet ortam\u0131nda bir mekan ve adres edinme web siteleri sayesinde olur. Web sitesi olmadan &#8230;<\/p>\n","protected":false},"author":1,"featured_media":0,"parent":0,"menu_order":0,"comment_status":"closed","ping_status":"open","template":"","meta":{"footnotes":""},"class_list":["post-2","page","type-page","status-publish","hentry"],"yoast_head":"<!-- This site is optimized with the Yoast SEO plugin v23.1 - https:\/\/yoast.com\/wordpress\/plugins\/seo\/ -->\r\n<title>Web site yapt\u0131rma hakk\u0131nda - erdincdonmez<\/title>\r\n<meta name=\"robots\" content=\"index, follow, max-snippet:-1, max-image-preview:large, max-video-preview:-1\" \/>\r\n<link rel=\"canonical\" href=\"https:\/\/erdincdonmez.com\/index.php\/sample-page\/\" \/>\r\n<meta property=\"og:locale\" content=\"tr_TR\" \/>\r\n<meta property=\"og:type\" content=\"article\" \/>\r\n<meta property=\"og:title\" content=\"Web site yapt\u0131rma hakk\u0131nda - erdincdonmez\" \/>\r\n<meta property=\"og:description\" content=\"Web sitesine neden ihtiya\u00e7 duyar\u0131z? Nas\u0131l ki ger\u00e7ek d\u00fcnyada i\u015f yaparken bir adres ve mekan\u0131m\u0131z var, internet ortam\u0131nda bir mekan ve adres edinme web siteleri sayesinde olur. Web sitesi olmadan ...\" \/>\r\n<meta property=\"og:url\" content=\"https:\/\/erdincdonmez.com\/index.php\/sample-page\/\" \/>\r\n<meta property=\"og:site_name\" content=\"erdincdonmez\" \/>\r\n<meta property=\"article:modified_time\" content=\"2024-08-04T22:36:33+00:00\" \/>\r\n<meta name=\"twitter:card\" content=\"summary_large_image\" \/>\r\n<meta name=\"twitter:label1\" content=\"Tahmini okuma s\u00fcresi\" \/>\n\t<meta name=\"twitter:data1\" content=\"1 dakika\" \/>\r\n<script type=\"application\/ld+json\" class=\"yoast-schema-graph\">{\"@context\":\"https:\/\/schema.org\",\"@graph\":[{\"@type\":\"WebPage\",\"@id\":\"https:\/\/erdincdonmez.com\/index.php\/sample-page\/\",\"url\":\"https:\/\/erdincdonmez.com\/index.php\/sample-page\/\",\"name\":\"Web site yapt\u0131rma hakk\u0131nda - erdincdonmez\",\"isPartOf\":{\"@id\":\"https:\/\/erdincdonmez.com\/#website\"},\"datePublished\":\"2024-08-04T13:10:06+00:00\",\"dateModified\":\"2024-08-04T22:36:33+00:00\",\"breadcrumb\":{\"@id\":\"https:\/\/erdincdonmez.com\/index.php\/sample-page\/#breadcrumb\"},\"inLanguage\":\"tr\",\"potentialAction\":[{\"@type\":\"ReadAction\",\"target\":[\"https:\/\/erdincdonmez.com\/index.php\/sample-page\/\"]}]},{\"@type\":\"BreadcrumbList\",\"@id\":\"https:\/\/erdincdonmez.com\/index.php\/sample-page\/#breadcrumb\",\"itemListElement\":[{\"@type\":\"ListItem\",\"position\":1,\"name\":\"Home\",\"item\":\"https:\/\/erdincdonmez.com\/\"},{\"@type\":\"ListItem\",\"position\":2,\"name\":\"Web site yapt\u0131rma hakk\u0131nda\"}]},{\"@type\":\"WebSite\",\"@id\":\"https:\/\/erdincdonmez.com\/#website\",\"url\":\"https:\/\/erdincdonmez.com\/\",\"name\":\"erdincdonmez\",\"description\":\"erdincdonmez web tasar\u0131m\",\"publisher\":{\"@id\":\"https:\/\/erdincdonmez.com\/#organization\"},\"potentialAction\":[{\"@type\":\"SearchAction\",\"target\":{\"@type\":\"EntryPoint\",\"urlTemplate\":\"https:\/\/erdincdonmez.com\/?s={search_term_string}\"},\"query-input\":\"required name=search_term_string\"}],\"inLanguage\":\"tr\"},{\"@type\":\"Organization\",\"@id\":\"https:\/\/erdincdonmez.com\/#organization\",\"name\":\"erdincdonmez\",\"url\":\"https:\/\/erdincdonmez.com\/\",\"logo\":{\"@type\":\"ImageObject\",\"inLanguage\":\"tr\",\"@id\":\"https:\/\/erdincdonmez.com\/#\/schema\/logo\/image\/\",\"url\":\"https:\/\/erdincdonmez.com\/wp-content\/uploads\/2024\/08\/cropped-cropped-erdincdonmezcom.png\",\"contentUrl\":\"https:\/\/erdincdonmez.com\/wp-content\/uploads\/2024\/08\/cropped-cropped-erdincdonmezcom.png\",\"width\":435,\"height\":50,\"caption\":\"erdincdonmez\"},\"image\":{\"@id\":\"https:\/\/erdincdonmez.com\/#\/schema\/logo\/image\/\"}}]}<\/script>\r\n<!-- \/ Yoast SEO plugin. -->","yoast_head_json":{"title":"Web site yapt\u0131rma hakk\u0131nda - erdincdonmez","robots":{"index":"index","follow":"follow","max-snippet":"max-snippet:-1","max-image-preview":"max-image-preview:large","max-video-preview":"max-video-preview:-1"},"canonical":"https:\/\/erdincdonmez.com\/index.php\/sample-page\/","og_locale":"tr_TR","og_type":"article","og_title":"Web site yapt\u0131rma hakk\u0131nda - erdincdonmez","og_description":"Web sitesine neden ihtiya\u00e7 duyar\u0131z? Nas\u0131l ki ger\u00e7ek d\u00fcnyada i\u015f yaparken bir adres ve mekan\u0131m\u0131z var, internet ortam\u0131nda bir mekan ve adres edinme web siteleri sayesinde olur. Web sitesi olmadan ...","og_url":"https:\/\/erdincdonmez.com\/index.php\/sample-page\/","og_site_name":"erdincdonmez","article_modified_time":"2024-08-04T22:36:33+00:00","twitter_card":"summary_large_image","twitter_misc":{"Tahmini okuma s\u00fcresi":"1 dakika"},"schema":{"@context":"https:\/\/schema.org","@graph":[{"@type":"WebPage","@id":"https:\/\/erdincdonmez.com\/index.php\/sample-page\/","url":"https:\/\/erdincdonmez.com\/index.php\/sample-page\/","name":"Web site yapt\u0131rma hakk\u0131nda - erdincdonmez","isPartOf":{"@id":"https:\/\/erdincdonmez.com\/#website"},"datePublished":"2024-08-04T13:10:06+00:00","dateModified":"2024-08-04T22:36:33+00:00","breadcrumb":{"@id":"https:\/\/erdincdonmez.com\/index.php\/sample-page\/#breadcrumb"},"inLanguage":"tr","potentialAction":[{"@type":"ReadAction","target":["https:\/\/erdincdonmez.com\/index.php\/sample-page\/"]}]},{"@type":"BreadcrumbList","@id":"https:\/\/erdincdonmez.com\/index.php\/sample-page\/#breadcrumb","itemListElement":[{"@type":"ListItem","position":1,"name":"Home","item":"https:\/\/erdincdonmez.com\/"},{"@type":"ListItem","position":2,"name":"Web site yapt\u0131rma hakk\u0131nda"}]},{"@type":"WebSite","@id":"https:\/\/erdincdonmez.com\/#website","url":"https:\/\/erdincdonmez.com\/","name":"erdincdonmez","description":"erdincdonmez web tasar\u0131m","publisher":{"@id":"https:\/\/erdincdonmez.com\/#organization"},"potentialAction":[{"@type":"SearchAction","target":{"@type":"EntryPoint","urlTemplate":"https:\/\/erdincdonmez.com\/?s={search_term_string}"},"query-input":"required name=search_term_string"}],"inLanguage":"tr"},{"@type":"Organization","@id":"https:\/\/erdincdonmez.com\/#organization","name":"erdincdonmez","url":"https:\/\/erdincdonmez.com\/","logo":{"@type":"ImageObject","inLanguage":"tr","@id":"https:\/\/erdincdonmez.com\/#\/schema\/logo\/image\/","url":"https:\/\/erdincdonmez.com\/wp-content\/uploads\/2024\/08\/cropped-cropped-erdincdonmezcom.png","contentUrl":"https:\/\/erdincdonmez.com\/wp-content\/uploads\/2024\/08\/cropped-cropped-erdincdonmezcom.png","width":435,"height":50,"caption":"erdincdonmez"},"image":{"@id":"https:\/\/erdincdonmez.com\/#\/schema\/logo\/image\/"}}]}},"jetpack_sharing_enabled":true,"_links":{"self":[{"href":"https:\/\/erdincdonmez.com\/index.php\/wp-json\/wp\/v2\/pages\/2","targetHints":{"allow":["GET"]}}],"collection":[{"href":"https:\/\/erdincdonmez.com\/index.php\/wp-json\/wp\/v2\/pages"}],"about":[{"href":"https:\/\/erdincdonmez.com\/index.php\/wp-json\/wp\/v2\/types\/page"}],"author":[{"embeddable":true,"href":"https:\/\/erdincdonmez.com\/index.php\/wp-json\/wp\/v2\/users\/1"}],"replies":[{"embeddable":true,"href":"https:\/\/erdincdonmez.com\/index.php\/wp-json\/wp\/v2\/comments?post=2"}],"version-history":[{"count":9,"href":"https:\/\/erdincdonmez.com\/index.php\/wp-json\/wp\/v2\/pages\/2\/revisions"}],"predecessor-version":[{"id":128,"href":"https:\/\/erdincdonmez.com\/index.php\/wp-json\/wp\/v2\/pages\/2\/revisions\/128"}],"wp:attachment":[{"href":"https:\/\/erdincdonmez.com\/index.php\/wp-json\/wp\/v2\/media?parent=2"}],"curies":[{"name":"wp","href":"https:\/\/api.w.org\/{rel}","templated":true}]}}