{"id":36,"date":"2024-08-04T15:10:24","date_gmt":"2024-08-04T15:10:24","guid":{"rendered":"https:\/\/erdincdonmez.com\/?page_id=36"},"modified":"2024-08-04T22:27:50","modified_gmt":"2024-08-04T22:27:50","slug":"fiyatlandirma","status":"publish","type":"page","link":"https:\/\/erdincdonmez.com\/index.php\/fiyatlandirma\/","title":{"rendered":"Fiyatland\u0131rma"},"content":{"rendered":"\n<p class=\"has-vivid-cyan-blue-color has-text-color has-link-color wp-elements-d091d06fabe1ecd72ea605120d105f0f\"><strong>Web tasar\u0131m yapt\u0131rmak istiyorum, maliyet ne olur?<\/strong><\/p>\n\n\n\n<p>Fiyatlar talep ve ihtiya\u00e7lara \u00f6zel de\u011fi\u015fmekle birlikte, size fikir vermesi amac\u0131yla bir ka\u00e7 fiyat bilgisi ekledik. <\/p>\n\n\n\n<p class=\"has-vivid-cyan-blue-color has-text-color has-link-color wp-elements-857eefcd38725e6b7ed75698f0f7f9a0\"><strong>\u0130lk maliyet olarak;<\/strong><\/p>\n\n\n\n<p>5 sayfal\u0131, tan\u0131t\u0131m ama\u00e7l\u0131 bir web sitesinin size maliyeti 5000TL+KDV olacakt\u0131r.<\/p>\n\n\n\n<p>Sitenin yay\u0131nlanmas\u0131 i\u00e7in siteyi bar\u0131nd\u0131ran yer (domain) ve sitenin ad\u0131 (hosting) yoksa 1000TL+KDV.<\/p>\n\n\n\n<p class=\"has-vivid-cyan-blue-color has-text-color has-link-color wp-elements-55f71b7093e1467b837355931d15d6b4\"><strong>Y\u0131ll\u0131k maliyeti var m\u0131d\u0131r, sonraki y\u0131llar maliyeti nedir? <\/strong><\/p>\n\n\n\n<p>Domain ve hosting \u00fccreti i\u00e7in 2024 \u00fccretlerine g\u00f6re fikir vermesi ad\u0131na y\u0131ll\u0131k 1000TL gibi bir maliyeti olacakt\u0131r.<\/p>\n\n\n\n<p>G\u00fcncelleme ve yedekleme i\u00e7in teknik hizmet talep edilirse bu da y\u0131ll\u0131k 1000TL gibi bir \u00fccret olacakt\u0131r.<\/p>\n\n\n\n<p>Fiyatlar 2024 Temmuz ay\u0131na kadarki rakamlar\u0131 olup g\u00fcncel fiyatlar i\u00e7in +90 507 9438357 ileti\u015fime ge\u00e7iniz.<br><\/p>\n","protected":false},"excerpt":{"rendered":"<p>Web tasar\u0131m yapt\u0131rmak istiyorum, maliyet ne olur? Fiyatlar talep ve ihtiya\u00e7lara \u00f6zel de\u011fi\u015fmekle birlikte, size fikir vermesi amac\u0131yla bir ka\u00e7 fiyat bilgisi ekledik. \u0130lk maliyet olarak; 5 sayfal\u0131, tan\u0131t\u0131m ama\u00e7l\u0131 &#8230;<\/p>\n","protected":false},"author":1,"featured_media":0,"parent":0,"menu_order":0,"comment_status":"closed","ping_status":"closed","template":"","meta":{"footnotes":""},"class_list":["post-36","page","type-page","status-publish","hentry"],"yoast_head":"<!-- This site is optimized with the Yoast SEO plugin v23.1 - https:\/\/yoast.com\/wordpress\/plugins\/seo\/ -->\r\n<title>Fiyatland\u0131rma - erdincdonmez<\/title>\r\n<meta name=\"robots\" content=\"index, follow, max-snippet:-1, max-image-preview:large, max-video-preview:-1\" \/>\r\n<link rel=\"canonical\" href=\"https:\/\/erdincdonmez.com\/index.php\/fiyatlandirma\/\" \/>\r\n<meta property=\"og:locale\" content=\"tr_TR\" \/>\r\n<meta property=\"og:type\" content=\"article\" \/>\r\n<meta property=\"og:title\" content=\"Fiyatland\u0131rma - erdincdonmez\" \/>\r\n<meta property=\"og:description\" content=\"Web tasar\u0131m yapt\u0131rmak istiyorum, maliyet ne olur? Fiyatlar talep ve ihtiya\u00e7lara \u00f6zel de\u011fi\u015fmekle birlikte, size fikir vermesi amac\u0131yla bir ka\u00e7 fiyat bilgisi ekledik. \u0130lk maliyet olarak; 5 sayfal\u0131, tan\u0131t\u0131m ama\u00e7l\u0131 ...\" \/>\r\n<meta property=\"og:url\" content=\"https:\/\/erdincdonmez.com\/index.php\/fiyatlandirma\/\" \/>\r\n<meta property=\"og:site_name\" content=\"erdincdonmez\" \/>\r\n<meta property=\"article:modified_time\" content=\"2024-08-04T22:27:50+00:00\" \/>\r\n<meta name=\"twitter:card\" content=\"summary_large_image\" \/>\r\n<meta name=\"twitter:label1\" content=\"Tahmini okuma s\u00fcresi\" \/>\n\t<meta name=\"twitter:data1\" content=\"1 dakika\" \/>\r\n<script type=\"application\/ld+json\" class=\"yoast-schema-graph\">{\"@context\":\"https:\/\/schema.org\",\"@graph\":[{\"@type\":\"WebPage\",\"@id\":\"https:\/\/erdincdonmez.com\/index.php\/fiyatlandirma\/\",\"url\":\"https:\/\/erdincdonmez.com\/index.php\/fiyatlandirma\/\",\"name\":\"Fiyatland\u0131rma - erdincdonmez\",\"isPartOf\":{\"@id\":\"https:\/\/erdincdonmez.com\/#website\"},\"datePublished\":\"2024-08-04T15:10:24+00:00\",\"dateModified\":\"2024-08-04T22:27:50+00:00\",\"breadcrumb\":{\"@id\":\"https:\/\/erdincdonmez.com\/index.php\/fiyatlandirma\/#breadcrumb\"},\"inLanguage\":\"tr\",\"potentialAction\":[{\"@type\":\"ReadAction\",\"target\":[\"https:\/\/erdincdonmez.com\/index.php\/fiyatlandirma\/\"]}]},{\"@type\":\"BreadcrumbList\",\"@id\":\"https:\/\/erdincdonmez.com\/index.php\/fiyatlandirma\/#breadcrumb\",\"itemListElement\":[{\"@type\":\"ListItem\",\"position\":1,\"name\":\"Home\",\"item\":\"https:\/\/erdincdonmez.com\/\"},{\"@type\":\"ListItem\",\"position\":2,\"name\":\"Fiyatland\u0131rma\"}]},{\"@type\":\"WebSite\",\"@id\":\"https:\/\/erdincdonmez.com\/#website\",\"url\":\"https:\/\/erdincdonmez.com\/\",\"name\":\"erdincdonmez\",\"description\":\"erdincdonmez web tasar\u0131m\",\"publisher\":{\"@id\":\"https:\/\/erdincdonmez.com\/#organization\"},\"potentialAction\":[{\"@type\":\"SearchAction\",\"target\":{\"@type\":\"EntryPoint\",\"urlTemplate\":\"https:\/\/erdincdonmez.com\/?s={search_term_string}\"},\"query-input\":\"required name=search_term_string\"}],\"inLanguage\":\"tr\"},{\"@type\":\"Organization\",\"@id\":\"https:\/\/erdincdonmez.com\/#organization\",\"name\":\"erdincdonmez\",\"url\":\"https:\/\/erdincdonmez.com\/\",\"logo\":{\"@type\":\"ImageObject\",\"inLanguage\":\"tr\",\"@id\":\"https:\/\/erdincdonmez.com\/#\/schema\/logo\/image\/\",\"url\":\"https:\/\/erdincdonmez.com\/wp-content\/uploads\/2024\/08\/cropped-cropped-erdincdonmezcom.png\",\"contentUrl\":\"https:\/\/erdincdonmez.com\/wp-content\/uploads\/2024\/08\/cropped-cropped-erdincdonmezcom.png\",\"width\":435,\"height\":50,\"caption\":\"erdincdonmez\"},\"image\":{\"@id\":\"https:\/\/erdincdonmez.com\/#\/schema\/logo\/image\/\"}}]}<\/script>\r\n<!-- \/ Yoast SEO plugin. -->","yoast_head_json":{"title":"Fiyatland\u0131rma - erdincdonmez","robots":{"index":"index","follow":"follow","max-snippet":"max-snippet:-1","max-image-preview":"max-image-preview:large","max-video-preview":"max-video-preview:-1"},"canonical":"https:\/\/erdincdonmez.com\/index.php\/fiyatlandirma\/","og_locale":"tr_TR","og_type":"article","og_title":"Fiyatland\u0131rma - erdincdonmez","og_description":"Web tasar\u0131m yapt\u0131rmak istiyorum, maliyet ne olur? Fiyatlar talep ve ihtiya\u00e7lara \u00f6zel de\u011fi\u015fmekle birlikte, size fikir vermesi amac\u0131yla bir ka\u00e7 fiyat bilgisi ekledik. \u0130lk maliyet olarak; 5 sayfal\u0131, tan\u0131t\u0131m ama\u00e7l\u0131 ...","og_url":"https:\/\/erdincdonmez.com\/index.php\/fiyatlandirma\/","og_site_name":"erdincdonmez","article_modified_time":"2024-08-04T22:27:50+00:00","twitter_card":"summary_large_image","twitter_misc":{"Tahmini okuma s\u00fcresi":"1 dakika"},"schema":{"@context":"https:\/\/schema.org","@graph":[{"@type":"WebPage","@id":"https:\/\/erdincdonmez.com\/index.php\/fiyatlandirma\/","url":"https:\/\/erdincdonmez.com\/index.php\/fiyatlandirma\/","name":"Fiyatland\u0131rma - erdincdonmez","isPartOf":{"@id":"https:\/\/erdincdonmez.com\/#website"},"datePublished":"2024-08-04T15:10:24+00:00","dateModified":"2024-08-04T22:27:50+00:00","breadcrumb":{"@id":"https:\/\/erdincdonmez.com\/index.php\/fiyatlandirma\/#breadcrumb"},"inLanguage":"tr","potentialAction":[{"@type":"ReadAction","target":["https:\/\/erdincdonmez.com\/index.php\/fiyatlandirma\/"]}]},{"@type":"BreadcrumbList","@id":"https:\/\/erdincdonmez.com\/index.php\/fiyatlandirma\/#breadcrumb","itemListElement":[{"@type":"ListItem","position":1,"name":"Home","item":"https:\/\/erdincdonmez.com\/"},{"@type":"ListItem","position":2,"name":"Fiyatland\u0131rma"}]},{"@type":"WebSite","@id":"https:\/\/erdincdonmez.com\/#website","url":"https:\/\/erdincdonmez.com\/","name":"erdincdonmez","description":"erdincdonmez web tasar\u0131m","publisher":{"@id":"https:\/\/erdincdonmez.com\/#organization"},"potentialAction":[{"@type":"SearchAction","target":{"@type":"EntryPoint","urlTemplate":"https:\/\/erdincdonmez.com\/?s={search_term_string}"},"query-input":"required name=search_term_string"}],"inLanguage":"tr"},{"@type":"Organization","@id":"https:\/\/erdincdonmez.com\/#organization","name":"erdincdonmez","url":"https:\/\/erdincdonmez.com\/","logo":{"@type":"ImageObject","inLanguage":"tr","@id":"https:\/\/erdincdonmez.com\/#\/schema\/logo\/image\/","url":"https:\/\/erdincdonmez.com\/wp-content\/uploads\/2024\/08\/cropped-cropped-erdincdonmezcom.png","contentUrl":"https:\/\/erdincdonmez.com\/wp-content\/uploads\/2024\/08\/cropped-cropped-erdincdonmezcom.png","width":435,"height":50,"caption":"erdincdonmez"},"image":{"@id":"https:\/\/erdincdonmez.com\/#\/schema\/logo\/image\/"}}]}},"jetpack_sharing_enabled":true,"_links":{"self":[{"href":"https:\/\/erdincdonmez.com\/index.php\/wp-json\/wp\/v2\/pages\/36","targetHints":{"allow":["GET"]}}],"collection":[{"href":"https:\/\/erdincdonmez.com\/index.php\/wp-json\/wp\/v2\/pages"}],"about":[{"href":"https:\/\/erdincdonmez.com\/index.php\/wp-json\/wp\/v2\/types\/page"}],"author":[{"embeddable":true,"href":"https:\/\/erdincdonmez.com\/index.php\/wp-json\/wp\/v2\/users\/1"}],"replies":[{"embeddable":true,"href":"https:\/\/erdincdonmez.com\/index.php\/wp-json\/wp\/v2\/comments?post=36"}],"version-history":[{"count":6,"href":"https:\/\/erdincdonmez.com\/index.php\/wp-json\/wp\/v2\/pages\/36\/revisions"}],"predecessor-version":[{"id":118,"href":"https:\/\/erdincdonmez.com\/index.php\/wp-json\/wp\/v2\/pages\/36\/revisions\/118"}],"wp:attachment":[{"href":"https:\/\/erdincdonmez.com\/index.php\/wp-json\/wp\/v2\/media?parent=36"}],"curies":[{"name":"wp","href":"https:\/\/api.w.org\/{rel}","templated":true}]}}